{"id":257,"date":"2023-12-26T21:24:24","date_gmt":"2023-12-26T20:24:24","guid":{"rendered":"https:\/\/tomasgarcia.com.ar\/?page_id=83"},"modified":"2024-01-03T15:24:51","modified_gmt":"2024-01-03T14:24:51","slug":"agendar-cita","status":"publish","type":"page","link":"https:\/\/drgarcia.com.es\/index.php\/agendar-cita\/","title":{"rendered":"Agendar Cita"},"content":{"rendered":"\t\t<div data-elementor-type=\"wp-page\" data-elementor-id=\"257\" class=\"elementor elementor-257\">\n\t\t\t\t\t\t\t<div class=\"elementor-element elementor-element-417c29c8 e-con-full e-flex e-con e-parent\" data-id=\"417c29c8\" data-element_type=\"container\" data-settings=\"{&quot;content_width&quot;:&quot;full&quot;}\" data-core-v316-plus=\"true\">\n\t\t<div class=\"elementor-element elementor-element-08600a7 e-con-full e-flex e-con e-child\" data-id=\"08600a7\" data-element_type=\"container\" data-settings=\"{&quot;content_width&quot;:&quot;full&quot;}\">\n\t\t\t\t<div class=\"elementor-element elementor-element-0772780 elementor-widget__width-initial elementor-widget elementor-widget-heading\" data-id=\"0772780\" data-element_type=\"widget\" data-widget_type=\"heading.default\">\n\t\t\t\t<div class=\"elementor-widget-container\">\n\t\t\t<style>\/*! elementor - v3.18.0 - 20-12-2023 *\/\n.elementor-heading-title{padding:0;margin:0;line-height:1}.elementor-widget-heading .elementor-heading-title[class*=elementor-size-]>a{color:inherit;font-size:inherit;line-height:inherit}.elementor-widget-heading .elementor-heading-title.elementor-size-small{font-size:15px}.elementor-widget-heading .elementor-heading-title.elementor-size-medium{font-size:19px}.elementor-widget-heading .elementor-heading-title.elementor-size-large{font-size:29px}.elementor-widget-heading .elementor-heading-title.elementor-size-xl{font-size:39px}.elementor-widget-heading .elementor-heading-title.elementor-size-xxl{font-size:59px}<\/style><h2 class=\"elementor-heading-title elementor-size-xl\"><h2 class=\"wp-block-heading\">Nunca ha sido tan f\u00e1cil agendar una cita<\/h2><\/h2>\t\t<\/div>\n\t\t\t\t<\/div>\n\t\t\t\t<\/div>\n\t\t\t\t<div class=\"elementor-element elementor-element-22dd94ce elementor-widget__width-initial elementor-widget elementor-widget-text-editor\" data-id=\"22dd94ce\" data-element_type=\"widget\" data-widget_type=\"text-editor.default\">\n\t\t\t\t<div class=\"elementor-widget-container\">\n\t\t\t<style>\/*! elementor - v3.18.0 - 20-12-2023 *\/\n.elementor-widget-text-editor.elementor-drop-cap-view-stacked .elementor-drop-cap{background-color:#69727d;color:#fff}.elementor-widget-text-editor.elementor-drop-cap-view-framed .elementor-drop-cap{color:#69727d;border:3px solid;background-color:transparent}.elementor-widget-text-editor:not(.elementor-drop-cap-view-default) .elementor-drop-cap{margin-top:8px}.elementor-widget-text-editor:not(.elementor-drop-cap-view-default) .elementor-drop-cap-letter{width:1em;height:1em}.elementor-widget-text-editor .elementor-drop-cap{float:left;text-align:center;line-height:1;font-size:50px}.elementor-widget-text-editor .elementor-drop-cap-letter{display:inline-block}<\/style>\t\t\t\t<h5><!-- wp:separator --><!-- \/wp:separator --><!-- wp:heading --><!-- \/wp:heading --><!-- wp:separator --><!-- \/wp:separator --><!-- wp:heading {\"level\":4} --><\/h5>\n<p class=\"wp-block-heading\">Elija la fecha y hora que m\u00e1s c\u00f3modo le quede y <b>agende su cita libremente y de forma gratuita.<\/b> Los pagos por la consulta se har\u00e1n personalmente con el Dr. Gracia. El precio de la consulta online ser\u00e1 de \u20ac50 en su totalidad. Las consultas fuera de horario se realizar\u00e1n mediante WhatsApp (para m\u00e1s informaci\u00f3n, visitar la p\u00e1gina de precios).<\/p>\n<!-- \/wp:heading --><!-- wp:spacer {\"height\":\"40px\"} --><!-- \/wp:spacer --><!-- wp:shortcode --><!-- \/wp:shortcode --><!-- wp:spacer --><!-- \/wp:spacer -->\n<p><style>b{color:#54B435;}<\/style><\/p>\t\t\t\t\t\t<\/div>\n\t\t\t\t<\/div>\n\t\t\t\t<div class=\"elementor-element elementor-element-717bb86 elementor-widget elementor-widget-spacer\" data-id=\"717bb86\" data-element_type=\"widget\" data-widget_type=\"spacer.default\">\n\t\t\t\t<div class=\"elementor-widget-container\">\n\t\t\t<style>\/*! elementor - v3.18.0 - 20-12-2023 *\/\n.elementor-column .elementor-spacer-inner{height:var(--spacer-size)}.e-con{--container-widget-width:100%}.e-con-inner>.elementor-widget-spacer,.e-con>.elementor-widget-spacer{width:var(--container-widget-width,var(--spacer-size));--align-self:var(--container-widget-align-self,initial);--flex-shrink:0}.e-con-inner>.elementor-widget-spacer>.elementor-widget-container,.e-con>.elementor-widget-spacer>.elementor-widget-container{height:100%;width:100%}.e-con-inner>.elementor-widget-spacer>.elementor-widget-container>.elementor-spacer,.e-con>.elementor-widget-spacer>.elementor-widget-container>.elementor-spacer{height:100%}.e-con-inner>.elementor-widget-spacer>.elementor-widget-container>.elementor-spacer>.elementor-spacer-inner,.e-con>.elementor-widget-spacer>.elementor-widget-container>.elementor-spacer>.elementor-spacer-inner{height:var(--container-widget-height,var(--spacer-size))}.e-con-inner>.elementor-widget-spacer.elementor-widget-empty,.e-con>.elementor-widget-spacer.elementor-widget-empty{position:relative;min-height:22px;min-width:22px}.e-con-inner>.elementor-widget-spacer.elementor-widget-empty .elementor-widget-empty-icon,.e-con>.elementor-widget-spacer.elementor-widget-empty .elementor-widget-empty-icon{position:absolute;top:0;bottom:0;left:0;right:0;margin:auto;padding:0;width:22px;height:22px}<\/style>\t\t<div class=\"elementor-spacer\">\n\t\t\t<div class=\"elementor-spacer-inner\"><\/div>\n\t\t<\/div>\n\t\t\t\t<\/div>\n\t\t\t\t<\/div>\n\t\t\t\t<div class=\"elementor-element elementor-element-10d05cd elementor-widget elementor-widget-heading\" data-id=\"10d05cd\" data-element_type=\"widget\" data-widget_type=\"heading.default\">\n\t\t\t\t<div class=\"elementor-widget-container\">\n\t\t\t<h4 class=\"elementor-heading-title elementor-size-default\">Agendar cita con:<\/h4>\t\t<\/div>\n\t\t\t\t<\/div>\n\t\t\t\t<div class=\"elementor-element elementor-element-f91bce5 elementor-widget elementor-widget-html\" data-id=\"f91bce5\" data-element_type=\"widget\" data-widget_type=\"html.default\">\n\t\t\t\t<div class=\"elementor-widget-container\">\n\t\t\t<a href=\"https:\/\/app.cal.com\/drgarcia\/consuta-online-espana\" target=\"_blank\" rel=\"noopener\"><div class=\"dadiv\"><div class=\"divimg\" ><img decoding=\"async\" src=\"https:\/\/ml1mi1io9iab.i.optimole.com\/w:239\/h:239\/q:mauto\/f:best\/https:\/\/tomasgarcia.com.ar\/wp-content\/uploads\/2023\/12\/drgarcia.jpg\"><\/div><div class=\"divtex\"><h4>Doctor Garcia|Psiquiatra<\/h4><p>valor de la consulta: \u20ac50 <\/p><\/div><\/div><\/a>\n<style>.dadiv{border-radius: 30px; border: solid; display: flex; width: 85%; height: 130px;} .dadiv:hover{color: #fff; background-color: green;}@media screen and (max-width: 460px){.dadiv{width: 100%; height: 110px;}}<\/style>\n<style>.divimg{transform: scale(0.4); margin-left:-20px; margin-bottom: 75px;} @media screen and (max-width: 460px){.divimg{margin-right: 10px;}}<\/style>\n<style>.divtex{transform: scale(0.8); margin-left: -80px; padding: 10px} @media screen and (max-width: 460px){.divtex{transform: scale(0.7); padding: 0px;}}<\/style>\t\t<\/div>\n\t\t\t\t<\/div>\n\t\t\t\t<div class=\"elementor-element elementor-element-648ddb8 elementor-widget elementor-widget-spacer\" data-id=\"648ddb8\" data-element_type=\"widget\" data-widget_type=\"spacer.default\">\n\t\t\t\t<div class=\"elementor-widget-container\">\n\t\t\t\t\t<div class=\"elementor-spacer\">\n\t\t\t<div class=\"elementor-spacer-inner\"><\/div>\n\t\t<\/div>\n\t\t\t\t<\/div>\n\t\t\t\t<\/div>\n\t\t\t\t<\/div>\n\t\t\t\t\t\t\t<\/div>\n\t\t","protected":false},"excerpt":{"rendered":"<p>Nunca ha sido tan f\u00e1cil agendar una cita Elija la fecha y hora que m\u00e1s c\u00f3modo le quede y agende su cita libremente y de forma gratuita. Los pagos por la consulta se har\u00e1n personalmente con el Dr. Gracia. El precio de la consulta online ser\u00e1 de \u20ac50 en su [&hellip;]<\/p>\n","protected":false},"author":2,"featured_media":0,"parent":0,"menu_order":0,"comment_status":"closed","ping_status":"closed","template":"","meta":{"footnotes":""},"_links":{"self":[{"href":"https:\/\/drgarcia.com.es\/index.php\/wp-json\/wp\/v2\/pages\/257"}],"collection":[{"href":"https:\/\/drgarcia.com.es\/index.php\/wp-json\/wp\/v2\/pages"}],"about":[{"href":"https:\/\/drgarcia.com.es\/index.php\/wp-json\/wp\/v2\/types\/page"}],"author":[{"embeddable":true,"href":"https:\/\/drgarcia.com.es\/index.php\/wp-json\/wp\/v2\/users\/2"}],"replies":[{"embeddable":true,"href":"https:\/\/drgarcia.com.es\/index.php\/wp-json\/wp\/v2\/comments?post=257"}],"version-history":[{"count":9,"href":"https:\/\/drgarcia.com.es\/index.php\/wp-json\/wp\/v2\/pages\/257\/revisions"}],"predecessor-version":[{"id":527,"href":"https:\/\/drgarcia.com.es\/index.php\/wp-json\/wp\/v2\/pages\/257\/revisions\/527"}],"wp:attachment":[{"href":"https:\/\/drgarcia.com.es\/index.php\/wp-json\/wp\/v2\/media?parent=257"}],"curies":[{"name":"wp","href":"https:\/\/api.w.org\/{rel}","templated":true}]}}