{"id":255,"date":"2023-12-26T21:23:57","date_gmt":"2023-12-26T20:23:57","guid":{"rendered":"https:\/\/tomasgarcia.com.ar\/?page_id=80"},"modified":"2024-01-15T00:51:57","modified_gmt":"2024-01-14T23:51:57","slug":"info-medico-psiquiatra","status":"publish","type":"page","link":"https:\/\/drgarcia.com.es\/index.php\/info-medico-psiquiatra\/","title":{"rendered":"Info"},"content":{"rendered":"\n<h2 class=\"wp-block-heading\">El Dr. Garc\u00eda tiene una extensa y diversificada carrera en el campo de la psiquiatr\u00eda y la salud mental. Comenz\u00f3 como m\u00e9dico psiquiatra en formaci\u00f3n en el Hospital Neuropsiqui\u00e1trico Provincial de C\u00f3rdoba, donde desempe\u00f1\u00f3 una amplia variedad de funciones, incluyendo guardias, consultorios externos y trabajo en equipos interdisciplinarios. Continu\u00f3 su carrera como m\u00e9dico agregado en el mismo hospital y luego en el servicio de Psiquiatr\u00eda del Centro de Asistencia Integral en Salud Mental.<\/h2>\n\n\n\n<div style=\"height:34px\" aria-hidden=\"true\" class=\"wp-block-spacer\"><\/div>\n\n\n\n<hr class=\"wp-block-separator has-alpha-channel-opacity\"\/>\n\n\n\n<h3 class=\"wp-block-heading\">Historial profecional<\/h3>\n\n\n\n<h4 class=\"wp-block-heading\">Residencia en Psiquiatr\u00eda:<\/h4>\n\n\n\n<h5 class=\"wp-block-heading\">Trabaj\u00f3 en un destacado Hospital Neuropsiqui\u00e1trico cumpliendo funciones como m\u00e9dico psiquiatra en formaci\u00f3n. Sus responsabilidades inclu\u00edan guardias semanales, consultas externas y trabajo en equipo interdisciplinario.}<\/h5>\n\n\n\n<h4 class=\"wp-block-heading\">M\u00e9dico Agregado:<\/h4>\n\n\n\n<h5 class=\"wp-block-heading\">Sirvi\u00f3 en el departamento de Psiquiatr\u00eda en un centro l\u00edder de Salud Mental. Durante este periodo, mantuvo responsabilidades en guardias, consultas externas e internados.<\/h5>\n\n\n\n<h4 class=\"wp-block-heading\">Profesor Asociado:<\/h4>\n\n\n\n<h5 class=\"wp-block-heading\">Particip\u00f3 como profesor en un importante Hospital Nacional, centr\u00e1ndose en la Cl\u00ednica Psiqui\u00e1trica durante el a\u00f1o 1997.<\/h5>\n\n\n\n<h4 class=\"wp-block-heading\">M\u00e9dico de Guardia:<\/h4>\n\n\n\n<h5 class=\"wp-block-heading\">Desarroll\u00f3 roles en Cl\u00ednica Privada en los servicios de Cl\u00ednica M\u00e9dica y Psiquiatr\u00eda. Brind\u00f3 atenci\u00f3n en internados y consultas de emergencia<\/h5>\n\n\n\n<h4 class=\"wp-block-heading\">Psiquiatra en Red Prestacional:<\/h4>\n\n\n\n<h5 class=\"wp-block-heading\">Trabaj\u00f3 para una prestigiosa red de salud mental, brindando asistencia a una amplia base de afiliados. Sus responsabilidades inclu\u00edan consultas externas y una notable carga de pacientes.<\/h5>\n\n\n\n<h4 class=\"wp-block-heading\">Cargo Suplente:<\/h4>\n\n\n\n<h5 class=\"wp-block-heading\">Se desempe\u00f1\u00f3 como m\u00e9dico psiquiatra en un Hospital Neuropsiqui\u00e1trico, colaborando en un equipo interdisciplinario. Durante este periodo, mantuvo responsabilidades en guardias, internados y consultas externas.<\/h5>\n\n\n\n<h4 class=\"wp-block-heading\">Coordinador Terap\u00e9utico:<\/h4>\n\n\n\n<h5 class=\"wp-block-heading\">Dirigi\u00f3 el taller de m\u00fasica del \u00c1rea de Rehabilitaci\u00f3n de un Hospital Neuropsiqui\u00e1trico, supervisando grupos y participando activamente en reuniones y eventos del \u00e1rea.<\/h5>\n\n\n\n<h4 class=\"wp-block-heading\">Roles Adicionales:<\/h4>\n\n\n\n<h5 class=\"wp-block-heading\">Se desempe\u00f1\u00f3 en diversas comisiones y comit\u00e9s centrados en inform\u00e1tica m\u00e9dica, emergencias, docencia e investigaci\u00f3n en el \u00e1mbito neuropsiqui\u00e1trico.<\/h5>\n\n\n\n<h4 class=\"wp-block-heading\">Psiquiatra Hospitalario:<\/h4>\n\n\n\n<h5 class=\"wp-block-heading\">Trabaj\u00f3 en un Hospital Privado, cumpliendo diversas funciones incluyendo consultas externas, interconsultas, y guardias.<\/h5>\n\n\n\n<h4 class=\"wp-block-heading\">Docente:<\/h4>\n\n\n\n<h5 class=\"wp-block-heading\">Sirvi\u00f3 como docente en una residencia de psiquiatr\u00eda en un hospital privado reconocido, aportando su experiencia y conocimientos a nuevos profesionales en formaci\u00f3n.<\/h5>\n\n\n\n<div style=\"height:87px\" aria-hidden=\"true\" class=\"wp-block-spacer\"><\/div>\n","protected":false},"excerpt":{"rendered":"<p>El Dr. Garc\u00eda tiene una extensa y diversificada carrera en el campo de la psiquiatr\u00eda y la salud mental. Comenz\u00f3 como m\u00e9dico psiquiatra en formaci\u00f3n en el Hospital Neuropsiqui\u00e1trico Provincial de C\u00f3rdoba, donde desempe\u00f1\u00f3 una amplia variedad de funciones, incluyendo guardias, consultorios externos y trabajo en equipos interdisciplinarios. Continu\u00f3 su [&hellip;]<\/p>\n","protected":false},"author":2,"featured_media":0,"parent":0,"menu_order":0,"comment_status":"closed","ping_status":"closed","template":"","meta":{"footnotes":""},"_links":{"self":[{"href":"https:\/\/drgarcia.com.es\/index.php\/wp-json\/wp\/v2\/pages\/255"}],"collection":[{"href":"https:\/\/drgarcia.com.es\/index.php\/wp-json\/wp\/v2\/pages"}],"about":[{"href":"https:\/\/drgarcia.com.es\/index.php\/wp-json\/wp\/v2\/types\/page"}],"author":[{"embeddable":true,"href":"https:\/\/drgarcia.com.es\/index.php\/wp-json\/wp\/v2\/users\/2"}],"replies":[{"embeddable":true,"href":"https:\/\/drgarcia.com.es\/index.php\/wp-json\/wp\/v2\/comments?post=255"}],"version-history":[{"count":1,"href":"https:\/\/drgarcia.com.es\/index.php\/wp-json\/wp\/v2\/pages\/255\/revisions"}],"predecessor-version":[{"id":580,"href":"https:\/\/drgarcia.com.es\/index.php\/wp-json\/wp\/v2\/pages\/255\/revisions\/580"}],"wp:attachment":[{"href":"https:\/\/drgarcia.com.es\/index.php\/wp-json\/wp\/v2\/media?parent=255"}],"curies":[{"name":"wp","href":"https:\/\/api.w.org\/{rel}","templated":true}]}}